{"id":1005,"date":"2024-04-26T13:44:57","date_gmt":"2024-04-26T11:44:57","guid":{"rendered":"https:\/\/fincap.fi\/?page_id=1005"},"modified":"2026-03-02T20:56:14","modified_gmt":"2026-03-02T18:56:14","slug":"meista","status":"publish","type":"page","link":"https:\/\/fincap.fi\/en\/meista\/","title":{"rendered":"About Us"},"content":{"rendered":"<p>[et_pb_section fb_built=&#8221;1&#8243; custom_padding_last_edited=&#8221;on|phone&#8221; _builder_version=&#8221;4.25.1&#8243; _module_preset=&#8221;default&#8221; background_color=&#8221;#001213&#8243; use_background_color_gradient=&#8221;on&#8221; background_color_gradient_stops=&#8221;#015861 0%|#001213 100%&#8221; z_index=&#8221;111&#8243; custom_padding=&#8221;123px||248px||false|false&#8221; custom_padding_tablet=&#8221;103px||0px||false|false&#8221; custom_padding_phone=&#8221;57px||167px||false|false&#8221; global_colors_info=&#8221;{}&#8221;][et_pb_row _builder_version=&#8221;4.25.0&#8243; _module_preset=&#8221;default&#8221; max_width=&#8221;1080px&#8221; custom_padding=&#8221;112px||90px|||&#8221; global_colors_info=&#8221;{}&#8221;][et_pb_column type=&#8221;4_4&#8243; _builder_version=&#8221;4.25.0&#8243; _module_preset=&#8221;default&#8221; global_colors_info=&#8221;{}&#8221;][et_pb_text _builder_version=&#8221;4.25.0&#8243; _module_preset=&#8221;434bcab7-eb83-4435-8850-59c49e84f764&#8243; global_colors_info=&#8221;{}&#8221;]<\/p>\n<h4 style=\"text-align: center;\">Historia<\/h4>\n<p>[\/et_pb_text][et_pb_heading title=&#8221;Tutustu laajaan ja monipuoliseen kokemukseemme sijoitusmaailmassa.&#8221; _builder_version=&#8221;4.25.0&#8243; _module_preset=&#8221;047ec24f-9f98-4824-a0c1-67ff01601d05&#8243; width=&#8221;81%&#8221; width_tablet=&#8221;100%&#8221; width_phone=&#8221;100%&#8221; width_last_edited=&#8221;on|phone&#8221; custom_margin=&#8221;-9px||||false|false&#8221; global_colors_info=&#8221;{}&#8221;][\/et_pb_heading][et_pb_text _builder_version=&#8221;4.25.1&#8243; _module_preset=&#8221;434bcab7-eb83-4435-8850-59c49e84f764&#8243; global_colors_info=&#8221;{}&#8221;]<\/p>\n<p style=\"text-align: center;\">Vuosien varrella FinCap on toteuttanut yli 600 miljoonan euron edest\u00e4<br \/>asunto-, terveydenhuolto- ja erikoiskiinteist\u00f6hankkeita.<\/p>\n<p>[\/et_pb_text][\/et_pb_column][\/et_pb_row][et_pb_row column_structure=&#8221;2_5,3_5&#8243; admin_label=&#8221;kuukkeli&#8221; _builder_version=&#8221;4.25.1&#8243; _module_preset=&#8221;03eec9af-cfc7-4f02-aa95-b3fba91429bd&#8221; global_colors_info=&#8221;{}&#8221;][et_pb_column type=&#8221;2_5&#8243; module_class=&#8221;qpvertti2&#8243; _builder_version=&#8221;4.25.0&#8243; _module_preset=&#8221;default&#8221; custom_css_main_element=&#8221;min-width: 360px;&#8221; global_colors_info=&#8221;{}&#8221;][et_pb_text _builder_version=&#8221;4.25.0&#8243; _module_preset=&#8221;dc6450f9-0e75-4c33-a4ec-2554f096f0f0&#8243; hover_enabled=&#8221;0&#8243; global_colors_info=&#8221;{}&#8221; sticky_enabled=&#8221;0&#8243;]<\/p>\n<h6><\/h6>\n<p>[\/et_pb_text][et_pb_number_counter number=&#8221;4&#8243; percent_sign=&#8221;off&#8221; module_class=&#8221;qpvertti3&#8243; _builder_version=&#8221;4.27.4&#8243; _module_preset=&#8221;7d413986-4a1b-4e67-90f4-fb86dbda50da&#8221; title_font=&#8221;AS||||||||&#8221; number_font=&#8221;AS|600|||||||&#8221; number_font_size=&#8221;3.5rem&#8221; transform_scale_tablet=&#8221;&#8221; transform_scale_phone=&#8221;&#8221; transform_scale_last_edited=&#8221;on|tablet&#8221; transform_translate_tablet=&#8221;33px|0px&#8221; transform_translate_phone=&#8221;38px|0px&#8221; transform_translate_last_edited=&#8221;on|desktop&#8221; transform_translate_linked_tablet=&#8221;off&#8221; transform_rotate_tablet=&#8221;&#8221; transform_rotate_phone=&#8221;&#8221; transform_rotate_last_edited=&#8221;on|tablet&#8221; transform_skew_tablet=&#8221;&#8221; transform_skew_phone=&#8221;&#8221; transform_skew_last_edited=&#8221;on|tablet&#8221; transform_origin_tablet=&#8221;&#8221; transform_origin_phone=&#8221;&#8221; transform_origin_last_edited=&#8221;on|tablet&#8221; transform_styles_last_edited=&#8221;on|desktop&#8221; text_orientation=&#8221;left&#8221; custom_padding=&#8221;|64px||64px|false|true&#8221; hover_enabled=&#8221;0&#8243; transform_styles_tablet=&#8221;&#8221; transform_styles_phone=&#8221;&#8221; locked=&#8221;off&#8221; global_colors_info=&#8221;{}&#8221; sticky_enabled=&#8221;0&#8243;][\/et_pb_number_counter][\/et_pb_column][et_pb_column type=&#8221;3_5&#8243; _builder_version=&#8221;4.25.0&#8243; _module_preset=&#8221;default&#8221; background_color=&#8221;RGBA(255,255,255,0)&#8221; custom_padding=&#8221;0px|0px|0px|0px|false|false&#8221; global_colors_info=&#8221;{}&#8221;][et_pb_heading title=&#8221;Portfolioyrityst\u00e4&#8221; _builder_version=&#8221;4.25.1&#8243; _module_preset=&#8221;be7bb912-a98a-4981-8495-a667b4d4df6f&#8221; transform_scale_tablet=&#8221;&#8221; transform_scale_phone=&#8221;&#8221; transform_scale_last_edited=&#8221;on|desktop&#8221; transform_translate=&#8221;0px|-25px&#8221; transform_translate_tablet=&#8221;0px|0px&#8221; transform_translate_phone=&#8221;0px|0px&#8221; transform_translate_last_edited=&#8221;on|phone&#8221; transform_translate_linked=&#8221;off&#8221; transform_rotate_tablet=&#8221;&#8221; transform_rotate_phone=&#8221;&#8221; transform_rotate_last_edited=&#8221;on|desktop&#8221; transform_skew_tablet=&#8221;&#8221; transform_skew_phone=&#8221;&#8221; transform_skew_last_edited=&#8221;on|desktop&#8221; transform_origin_tablet=&#8221;&#8221; transform_origin_phone=&#8221;&#8221; transform_origin_last_edited=&#8221;on|desktop&#8221; transform_styles_last_edited=&#8221;on|phone&#8221; custom_margin_tablet=&#8221;&#8221; custom_margin_phone=&#8221;-41px||-34px||false|false&#8221; custom_margin_last_edited=&#8221;on|desktop&#8221; transform_styles_tablet=&#8221;&#8221; transform_styles_phone=&#8221;&#8221; global_colors_info=&#8221;{}&#8221;][\/et_pb_heading][\/et_pb_column][\/et_pb_row][et_pb_row column_structure=&#8221;2_5,3_5&#8243; admin_label=&#8221;kuukkeli&#8221; _builder_version=&#8221;4.25.1&#8243; _module_preset=&#8221;03eec9af-cfc7-4f02-aa95-b3fba91429bd&#8221; global_colors_info=&#8221;{}&#8221;][et_pb_column type=&#8221;2_5&#8243; module_class=&#8221;qpvertti2&#8243; _builder_version=&#8221;4.25.0&#8243; _module_preset=&#8221;default&#8221; custom_css_main_element=&#8221;min-width: 360px;&#8221; global_colors_info=&#8221;{}&#8221;][et_pb_text _builder_version=&#8221;4.25.0&#8243; _module_preset=&#8221;dc6450f9-0e75-4c33-a4ec-2554f096f0f0&#8243; global_colors_info=&#8221;{}&#8221;]<\/p>\n<h6>+<\/h6>\n<p>[\/et_pb_text][et_pb_number_counter number=&#8221;100 \u20acM&#8221; percent_sign=&#8221;off&#8221; module_class=&#8221;qpvertti3&#8243; _builder_version=&#8221;4.27.4&#8243; _module_preset=&#8221;7d413986-4a1b-4e67-90f4-fb86dbda50da&#8221; title_font=&#8221;AS||||||||&#8221; number_font=&#8221;AS|600|||||||&#8221; number_font_size=&#8221;3.5rem&#8221; text_orientation=&#8221;left&#8221; locked=&#8221;off&#8221; global_colors_info=&#8221;{}&#8221;][\/et_pb_number_counter][\/et_pb_column][et_pb_column type=&#8221;3_5&#8243; _builder_version=&#8221;4.25.0&#8243; _module_preset=&#8221;default&#8221; background_color=&#8221;RGBA(255,255,255,0)&#8221; custom_padding=&#8221;0px|0px|0px|0px|false|false&#8221; global_colors_info=&#8221;{}&#8221;][et_pb_heading title=&#8221;Vuosittainen yhteenlaskettu liikevaihto&#8221; _builder_version=&#8221;4.25.0&#8243; _module_preset=&#8221;be7bb912-a98a-4981-8495-a667b4d4df6f&#8221; global_colors_info=&#8221;{}&#8221;][\/et_pb_heading][\/et_pb_column][\/et_pb_row][et_pb_row column_structure=&#8221;2_5,3_5&#8243; admin_label=&#8221;kuukkeli&#8221; _builder_version=&#8221;4.25.0&#8243; _module_preset=&#8221;03eec9af-cfc7-4f02-aa95-b3fba91429bd&#8221; global_colors_info=&#8221;{}&#8221;][et_pb_column type=&#8221;2_5&#8243; module_class=&#8221;qpvertti2&#8243; _builder_version=&#8221;4.25.0&#8243; _module_preset=&#8221;default&#8221; custom_css_main_element=&#8221;min-width: 360px;&#8221; global_colors_info=&#8221;{}&#8221;][et_pb_text _builder_version=&#8221;4.25.0&#8243; _module_preset=&#8221;dc6450f9-0e75-4c33-a4ec-2554f096f0f0&#8243; global_colors_info=&#8221;{}&#8221;]<\/p>\n<h6>+<\/h6>\n<p>[\/et_pb_text][et_pb_number_counter number=&#8221;600 \u20acM&#8221; percent_sign=&#8221;off&#8221; module_class=&#8221;qpvertti3&#8243; _builder_version=&#8221;4.25.0&#8243; _module_preset=&#8221;7d413986-4a1b-4e67-90f4-fb86dbda50da&#8221; title_font=&#8221;AS||||||||&#8221; number_font=&#8221;AS|600|||||||&#8221; number_font_size=&#8221;3.5rem&#8221; text_orientation=&#8221;left&#8221; locked=&#8221;off&#8221; global_colors_info=&#8221;{}&#8221;][\/et_pb_number_counter][\/et_pb_column][et_pb_column type=&#8221;3_5&#8243; _builder_version=&#8221;4.25.0&#8243; _module_preset=&#8221;default&#8221; background_color=&#8221;RGBA(255,255,255,0)&#8221; custom_padding=&#8221;0px|0px|0px|0px|false|false&#8221; global_colors_info=&#8221;{}&#8221;][et_pb_heading title=&#8221;Valmistuneiden kiinteist\u00f6jen yhteisarvo&#8221; _builder_version=&#8221;4.25.0&#8243; _module_preset=&#8221;be7bb912-a98a-4981-8495-a667b4d4df6f&#8221; global_colors_info=&#8221;{}&#8221;][\/et_pb_heading][\/et_pb_column][\/et_pb_row][et_pb_row column_structure=&#8221;2_5,3_5&#8243; admin_label=&#8221;kuukkeli&#8221; _builder_version=&#8221;4.25.0&#8243; _module_preset=&#8221;03eec9af-cfc7-4f02-aa95-b3fba91429bd&#8221; global_colors_info=&#8221;{}&#8221;][et_pb_column type=&#8221;2_5&#8243; module_class=&#8221;qpvertti2&#8243; _builder_version=&#8221;4.25.0&#8243; _module_preset=&#8221;default&#8221; custom_css_main_element=&#8221;min-width: 360px;&#8221; global_colors_info=&#8221;{}&#8221;][et_pb_text _builder_version=&#8221;4.25.0&#8243; _module_preset=&#8221;dc6450f9-0e75-4c33-a4ec-2554f096f0f0&#8243; global_colors_info=&#8221;{}&#8221;]<\/p>\n<h6>+<\/h6>\n<p>[\/et_pb_text][et_pb_number_counter number=&#8221;100&#8243; percent_sign=&#8221;off&#8221; module_class=&#8221;qpvertti3&#8243; _builder_version=&#8221;4.25.0&#8243; _module_preset=&#8221;7d413986-4a1b-4e67-90f4-fb86dbda50da&#8221; title_font=&#8221;AS||||||||&#8221; number_font=&#8221;AS|600|||||||&#8221; number_font_size=&#8221;3.5rem&#8221; text_orientation=&#8221;left&#8221; locked=&#8221;off&#8221; global_colors_info=&#8221;{}&#8221;][\/et_pb_number_counter][\/et_pb_column][et_pb_column type=&#8221;3_5&#8243; _builder_version=&#8221;4.25.0&#8243; _module_preset=&#8221;default&#8221; background_color=&#8221;RGBA(255,255,255,0)&#8221; custom_padding=&#8221;0px|0px|0px|0px|false|false&#8221; global_colors_info=&#8221;{}&#8221;][et_pb_heading title=&#8221;Valmistunutta kohdetta&#8221; _builder_version=&#8221;4.25.1&#8243; _module_preset=&#8221;be7bb912-a98a-4981-8495-a667b4d4df6f&#8221; custom_margin_phone=&#8221;-74px||||false|false&#8221; global_colors_info=&#8221;{}&#8221;][\/et_pb_heading][\/et_pb_column][\/et_pb_row][\/et_pb_section][et_pb_section fb_built=&#8221;1&#8243; custom_padding_last_edited=&#8221;on|phone&#8221; _builder_version=&#8221;4.25.1&#8243; _module_preset=&#8221;default&#8221; background_color=&#8221;gcid-02f5c484-903f-42a5-9492-02fc029424e8&#8243; vertical_offset=&#8221;-20px&#8221; z_index=&#8221;381&#8243; custom_margin_phone=&#8221;-131px||-30px||false|false&#8221; custom_margin_last_edited=&#8221;off|desktop&#8221; custom_padding=&#8221;0px|0px|0px|0px|true|false&#8221; custom_padding_tablet=&#8221;97px||97px||true|false&#8221; custom_padding_phone=&#8221;0px||0px||false|false&#8221; global_colors_info=&#8221;{%22gcid-02f5c484-903f-42a5-9492-02fc029424e8%22:%91%22background_color%22%93}&#8221;][et_pb_row admin_label=&#8221;Projektislaideri rivi (piilossa Mobile)&#8221; _builder_version=&#8221;4.25.1&#8243; _module_preset=&#8221;5dbec8e8-228b-4e87-a39b-838f33468d96&#8243; global_colors_info=&#8221;{}&#8221;][et_pb_column type=&#8221;4_4&#8243; _builder_version=&#8221;4.25.1&#8243; _module_preset=&#8221;default&#8221; pac_dcm_is_carousel=&#8221;on&#8221; pac_dcm_carousel_row_items=&#8221;1&#8243; pac_dcm_carousel_spacing=&#8221;0px|0px|0px|0px|false|false&#8221; pac_dcm_carousel_row_items_margin=&#8221;0px|0px|0px|0px|false|false&#8221; pac_dcm_carousel_row_items_padding=&#8221;0px|0px|0px|0px|false|false&#8221; pac_dcm_carousel_row_items_background=&#8221;RGBA(255,255,255,0)&#8221; pac_dcm_carousel_row_items_animation_speed=&#8221;3100&#8243; pac_dcm_carousel_row_items_autoplay_speed=&#8221;5000&#8243; pac_dcm_carousel_navigation_arrows=&#8221;off&#8221; pac_dcm_carousel_navigation_dots=&#8221;off&#8221; global_colors_info=&#8221;{}&#8221;][pac_dcm_library_layouts divi_library_layouts=&#8221;off|off|off|off|off|off|off|off|off|off|off|off|off|off|off|off|off|off|off|off|off|off|off|off|off|off|off|off|off|off|off|off|off|off|off|off|off|off|off|off|off|off|off|off|off|off|off|off|off|off|off|off|off|off|off|off|off|off|off|off|off|off|off|off|off|off|off|off|off|off|off|off|off|off|off|off|off|off|off|off|off|off|off|off|off|off|off|off|off|off|off|off|off|off|off|off|off|off|off|on|on|off|off|off|off|off|off|off|off|on|on|on|on|on|on&#8221; layout_order=&#8221;asc&#8221; _builder_version=&#8221;4.25.1&#8243; _module_preset=&#8221;default&#8221; global_colors_info=&#8221;{}&#8221;][\/pac_dcm_library_layouts][\/et_pb_column][\/et_pb_row][et_pb_row custom_padding_last_edited=&#8221;on|phone&#8221; _builder_version=&#8221;4.25.1&#8243; _module_preset=&#8221;default&#8221; custom_padding=&#8221;337px||208px||false|false&#8221; custom_padding_tablet=&#8221;73px||73px||true|false&#8221; custom_padding_phone=&#8221;343px||150px||false|false&#8221; global_colors_info=&#8221;{}&#8221;][et_pb_column type=&#8221;4_4&#8243; _builder_version=&#8221;4.25.0&#8243; _module_preset=&#8221;default&#8221; global_colors_info=&#8221;{}&#8221;][et_pb_text _builder_version=&#8221;4.25.0&#8243; _module_preset=&#8221;434bcab7-eb83-4435-8850-59c49e84f764&#8243; global_colors_info=&#8221;{}&#8221;]<\/p>\n<h4 style=\"text-align: center;\">Ihmiset yrityksen takana<\/h4>\n<p>[\/et_pb_text][et_pb_heading title=&#8221;Rakennamme aktiivista ja osallistuvaa yhteis\u00f6\u00e4, jossa jaetaan ajatuksia ja kokemuksia, luoden arvoa yhdess\u00e4.&#8221; _builder_version=&#8221;4.25.0&#8243; _module_preset=&#8221;047ec24f-9f98-4824-a0c1-67ff01601d05&#8243; width=&#8221;81%&#8221; width_tablet=&#8221;100%&#8221; width_phone=&#8221;100%&#8221; width_last_edited=&#8221;on|desktop&#8221; max_width=&#8221;900px&#8221; global_colors_info=&#8221;{}&#8221;][\/et_pb_heading][et_pb_text _builder_version=&#8221;4.25.0&#8243; _module_preset=&#8221;434bcab7-eb83-4435-8850-59c49e84f764&#8243; max_width=&#8221;821px&#8221; max_width_tablet=&#8221;100%&#8221; max_width_phone=&#8221;100%&#8221; max_width_last_edited=&#8221;on|phone&#8221; module_alignment=&#8221;center&#8221; global_colors_info=&#8221;{}&#8221;]<\/p>\n<p style=\"text-align: center;\">FinCapin toiminnan keski\u00f6ss\u00e4 ovat aina olleet ihmiset &#8211; niin asiakkaamme, yhteisty\u00f6kumppanimme kuin tiimimme. Uskomme vahvasti ihmisten merkitykseen liiketoiminnassa ja pyrimme aina rakentamaan yhteis\u00f6llisen l\u00e4hestymistavan sijoittamiseen. T\u00e4m\u00e4 luo vahvoja ja kest\u00e4vi\u00e4 suhteita niin tiimimme kuin kumppaneidemmekin v\u00e4lille, mik\u00e4 edist\u00e4\u00e4 yhteist\u00e4 menestyst\u00e4.<\/p>\n<p>[\/et_pb_text][\/et_pb_column][\/et_pb_row][et_pb_row admin_label=&#8221;Projektislaideri rivi (piilossa Mobile)&#8221; _builder_version=&#8221;4.25.1&#8243; _module_preset=&#8221;5dbec8e8-228b-4e87-a39b-838f33468d96&#8243; global_colors_info=&#8221;{}&#8221;][et_pb_column type=&#8221;4_4&#8243; _builder_version=&#8221;4.25.1&#8243; _module_preset=&#8221;default&#8221; pac_dcm_is_carousel=&#8221;on&#8221; pac_dcm_carousel_row_items=&#8221;1&#8243; pac_dcm_carousel_spacing=&#8221;0px|0px|0px|0px|false|false&#8221; pac_dcm_carousel_row_items_margin=&#8221;0px|0px|0px|0px|false|false&#8221; pac_dcm_carousel_row_items_padding=&#8221;0px|0px|0px|0px|false|false&#8221; pac_dcm_carousel_row_items_background=&#8221;RGBA(255,255,255,0)&#8221; pac_dcm_carousel_row_items_animation_speed=&#8221;3100&#8243; pac_dcm_carousel_row_items_autoplay_speed=&#8221;5000&#8243; pac_dcm_carousel_navigation_arrows=&#8221;off&#8221; pac_dcm_carousel_navigation_dots=&#8221;off&#8221; global_colors_info=&#8221;{}&#8221;][pac_dcm_library_layouts divi_library_layouts=&#8221;off|off|off|off|off|off|off|off|off|off|off|off|off|off|off|off|off|off|off|off|off|off|off|off|off|off|off|off|off|off|off|off|off|off|off|off|off|off|off|off|off|off|off|off|off|off|off|off|off|off|off|off|off|off|off|off|off|off|off|off|off|off|off|off|off|off|off|off|off|off|off|off|off|off|off|off|off|off|off|off|off|off|off|off|off|off|off|off|off|off|off|off|off|off|off|off|off|off|off|off|off|off|on|on|on|on&#8221; _builder_version=&#8221;4.25.1&#8243; _module_preset=&#8221;default&#8221; global_colors_info=&#8221;{}&#8221;][\/pac_dcm_library_layouts][\/et_pb_column][\/et_pb_row][\/et_pb_section][et_pb_section fb_built=&#8221;1&#8243; custom_padding_last_edited=&#8221;on|phone&#8221; _builder_version=&#8221;4.25.1&#8243; _module_preset=&#8221;default&#8221; background_color=&#8221;#001213&#8243; use_background_color_gradient=&#8221;on&#8221; background_color_gradient_stops=&#8221;#012f34 0%|#001213 100%&#8221; custom_padding=&#8221;134px|0px|82px|0px|false|false&#8221; custom_padding_tablet=&#8221;54px|24px|66px|24px|false|true&#8221; custom_padding_phone=&#8221;27px|16px|49px|16px|false|true&#8221; global_colors_info=&#8221;{}&#8221;][et_pb_row column_structure=&#8221;1_2,1_2&#8243; gutter_width=&#8221;1&#8243; make_equal=&#8221;on&#8221; custom_padding_last_edited=&#8221;on|desktop&#8221; _builder_version=&#8221;4.25.1&#8243; _module_preset=&#8221;7c7afac1-52a2-4d17-a65c-f1a169c42a68&#8243; width_tablet=&#8221;&#8221; width_phone=&#8221;90%&#8221; width_last_edited=&#8221;on|desktop&#8221; min_height=&#8221;858px&#8221; min_height_tablet=&#8221;394px&#8221; min_height_phone=&#8221;676px&#8221; custom_padding_tablet=&#8221;&#8221; custom_padding_phone=&#8221;127px||||false|false&#8221; module_alignment_tablet=&#8221;center&#8221; module_alignment_phone=&#8221;center&#8221; module_alignment_last_edited=&#8221;on|tablet&#8221; custom_css_main_element=&#8221;display: flex;||flex-wrap: wrap;&#8221; border_radii=&#8221;on|13px|13px|13px|13px&#8221; global_colors_info=&#8221;{}&#8221;][et_pb_column type=&#8221;1_2&#8243; _builder_version=&#8221;4.25.1&#8243; _module_preset=&#8221;default&#8221; custom_padding=&#8221;|51px||0px|false|false&#8221; custom_padding_tablet=&#8221;32px|88px||0px|false|false&#8221; custom_padding_phone=&#8221;32px|0px|||false|false&#8221; custom_padding_last_edited=&#8221;on|desktop&#8221; custom_css_main_element=&#8221;align-self: center;&#8221; global_colors_info=&#8221;{}&#8221; custom_css_before_last_edited=&#8221;off|desktop&#8221; custom_css_main_element_last_edited=&#8221;on|tablet&#8221; custom_css_main_element_phone=&#8221;order: 2;&#8221; custom_css_main_element_tablet=&#8221;order: 2;&#8221;][et_pb_text _builder_version=&#8221;4.25.1&#8243; _module_preset=&#8221;434bcab7-eb83-4435-8850-59c49e84f764&#8243; width=&#8221;456px&#8221; width_tablet=&#8221;456px&#8221; width_phone=&#8221;100%&#8221; width_last_edited=&#8221;on|phone&#8221; global_colors_info=&#8221;{}&#8221;]<\/p>\n<h4>Yhdess\u00e4 kohti menestyst\u00e4<\/h4>\n<h3>Rakennamme vahvoja ja kest\u00e4vi\u00e4 kumppanuussuhteita, jotka perustuvat luottamukseen, avoimuuteen ja yhteisty\u00f6h\u00f6n.<\/h3>\n<p>[\/et_pb_text][et_pb_button button_url=&#8221;@ET-DC@eyJkeW5hbWljIjp0cnVlLCJjb250ZW50IjoicG9zdF9saW5rX3VybF9wYWdlIiwic2V0dGluZ3MiOnsicG9zdF9pZCI6IjEwMTg2In19@&#8221; button_text=&#8221;Referenssimme&#8221; _builder_version=&#8221;4.25.0&#8243; _dynamic_attributes=&#8221;button_url&#8221; _module_preset=&#8221;37ec084c-e755-42fc-937f-dacbbe40dfc6&#8243; global_colors_info=&#8221;{}&#8221;][\/et_pb_button][\/et_pb_column][et_pb_column type=&#8221;1_2&#8243; _builder_version=&#8221;4.25.1&#8243; _module_preset=&#8221;default&#8221; background_image=&#8221;https:\/\/fincap.fi\/wp-content\/uploads\/2024\/05\/image-1.jpeg&#8221; transform_scale=&#8221;93%|93%&#8221; transform_scale_tablet=&#8221;100%|100%&#8221; transform_scale_phone=&#8221;100%|100%&#8221; transform_scale_last_edited=&#8221;on|desktop&#8221; transform_translate=&#8221;22px|0px&#8221; transform_translate_tablet=&#8221;0px|0px&#8221; transform_translate_phone=&#8221;0px|0px&#8221; transform_translate_last_edited=&#8221;on|tablet&#8221; transform_translate_linked=&#8221;off&#8221; transform_rotate_tablet=&#8221;&#8221; transform_rotate_phone=&#8221;&#8221; transform_rotate_last_edited=&#8221;on|desktop&#8221; transform_skew_tablet=&#8221;&#8221; transform_skew_phone=&#8221;&#8221; transform_skew_last_edited=&#8221;on|desktop&#8221; transform_origin_tablet=&#8221;&#8221; transform_origin_phone=&#8221;&#8221; transform_origin_last_edited=&#8221;on|desktop&#8221; transform_styles_last_edited=&#8221;on|tablet&#8221; z_index=&#8221;500&#8243; custom_padding=&#8221;0px|0px|0px|0px|false|false&#8221; custom_padding_tablet=&#8221;|||70px|false|false&#8221; custom_padding_phone=&#8221;|||0px|false|false&#8221; custom_padding_last_edited=&#8221;off|desktop&#8221; scroll_vertical_motion_enable=&#8221;on&#8221; scroll_vertical_motion=&#8221;0|50|50|100|1|0|0&#8243; scroll_fade_enable=&#8221;on&#8221; scroll_blur=&#8221;0|40|60|100|6px|0px|1px&#8221; transform_styles_tablet=&#8221;&#8221; transform_styles_phone=&#8221;&#8221; scroll_vertical_motion_tablet=&#8221;0|50|50|100|1|0|0&#8243; scroll_vertical_motion_phone=&#8221;0|50|50|100|0.5|0|-0.3&#8243; scroll_vertical_motion_last_edited=&#8221;on|phone&#8221; border_radii=&#8221;on|13px|13px|13px|13px&#8221; border_color_left=&#8221;#E2F0F2&#8243; global_colors_info=&#8221;{}&#8221; custom_css_main_element_last_edited=&#8221;on|tablet&#8221; custom_css_main_element_phone=&#8221;order: 1;&#8221; custom_css_main_element_tablet=&#8221;order: 1;&#8221;][et_pb_divider show_divider=&#8221;off&#8221; _builder_version=&#8221;4.25.0&#8243; _module_preset=&#8221;default&#8221; custom_padding=&#8221;|||476px|false|false&#8221; global_colors_info=&#8221;{}&#8221;][\/et_pb_divider][et_pb_divider show_divider=&#8221;off&#8221; _builder_version=&#8221;4.25.1&#8243; _module_preset=&#8221;1e013a79-2121-4bdd-b60d-5a6eaf1fa686&#8243; global_colors_info=&#8221;{}&#8221;][\/et_pb_divider][\/et_pb_column][\/et_pb_row][et_pb_row column_structure=&#8221;1_3,1_3,1_3&#8243; use_custom_gutter=&#8221;on&#8221; gutter_width=&#8221;4&#8243; custom_padding_last_edited=&#8221;on|phone&#8221; _builder_version=&#8221;4.25.1&#8243; _module_preset=&#8221;default&#8221; width=&#8221;96%&#8221; width_tablet=&#8221;96%&#8221; width_phone=&#8221;90%&#8221; width_last_edited=&#8221;on|phone&#8221; max_width=&#8221;1263px&#8221; custom_padding=&#8221;0px||0px||false|false&#8221; custom_padding_tablet=&#8221;0px||0px||false|false&#8221; custom_padding_phone=&#8221;12px|0px|28px|0px|false|false&#8221; global_colors_info=&#8221;{}&#8221;][et_pb_column type=&#8221;1_3&#8243; _builder_version=&#8221;4.25.1&#8243; _module_preset=&#8221;default&#8221; custom_padding_tablet=&#8221;&#8221; custom_padding_phone=&#8221;|0px||0px|false|false&#8221; custom_padding_last_edited=&#8221;on|phone&#8221; global_colors_info=&#8221;{}&#8221;][et_pb_text _builder_version=&#8221;4.25.1&#8243; _module_preset=&#8221;434bcab7-eb83-4435-8850-59c49e84f764&#8243; locked=&#8221;off&#8221; global_colors_info=&#8221;{}&#8221;]<\/p>\n<h3>Rohkeus on termi, joka on kuvannut tekemist\u00e4mme perustamisesta asti.<\/h3>\n<p>[\/et_pb_text][\/et_pb_column][et_pb_column type=&#8221;1_3&#8243; _builder_version=&#8221;4.25.1&#8243; _module_preset=&#8221;default&#8221; global_colors_info=&#8221;{}&#8221;][et_pb_text _builder_version=&#8221;4.25.0&#8243; _module_preset=&#8221;434bcab7-eb83-4435-8850-59c49e84f764&#8243; locked=&#8221;off&#8221; global_colors_info=&#8221;{}&#8221;]<\/p>\n<p>Menestyksemme perustuu kykyymme ennakoida eik\u00e4 ainoastaan reagoida muutoksiin. Koko liiketoimintafilosofiamme kumpuaa ratkaisuhalukkuudesta ja rohkeudesta, rohkeudesta tehd\u00e4 nopeita, mutta harkittuja ratkaisuja.<\/p>\n<p>[\/et_pb_text][\/et_pb_column][et_pb_column type=&#8221;1_3&#8243; _builder_version=&#8221;4.25.1&#8243; _module_preset=&#8221;default&#8221; global_colors_info=&#8221;{}&#8221;][et_pb_text _builder_version=&#8221;4.25.0&#8243; _module_preset=&#8221;434bcab7-eb83-4435-8850-59c49e84f764&#8243; locked=&#8221;off&#8221; global_colors_info=&#8221;{}&#8221;]<\/p>\n<p>Rohkeudesta tarttua vaativiinkin projekteihin, rohkeudesta ajatella asioita uudella tavalla ja toteuttaa kohteita, jotka ylitt\u00e4v\u00e4t totutut laatustandardit ja t\u00e4rkeimp\u00e4n\u00e4: rohkeudesta tavoitella unelmia.<\/p>\n<p>[\/et_pb_text][\/et_pb_column][\/et_pb_row][et_pb_row _builder_version=&#8221;4.25.0&#8243; _module_preset=&#8221;7c7afac1-52a2-4d17-a65c-f1a169c42a68&#8243; min_height=&#8221;100px&#8221; custom_padding=&#8221;||10px||false|false&#8221; border_color_top=&#8221;RGBA(255,255,255,0)&#8221; global_colors_info=&#8221;{}&#8221;][et_pb_column type=&#8221;4_4&#8243; _builder_version=&#8221;4.25.0&#8243; _module_preset=&#8221;default&#8221; global_colors_info=&#8221;{}&#8221;][et_pb_divider color=&#8221;gcid-a4405f6c-a1ea-4782-80a8-25c182da384f&#8221; _builder_version=&#8221;4.25.1&#8243; _module_preset=&#8221;default&#8221; border_color_all=&#8221;gcid-a4405f6c-a1ea-4782-80a8-25c182da384f&#8221; global_colors_info=&#8221;{%22gcid-a4405f6c-a1ea-4782-80a8-25c182da384f%22:%91%22border_color_all%22,%22color%22%93}&#8221;][\/et_pb_divider][\/et_pb_column][\/et_pb_row][\/et_pb_section]<\/p>\n","protected":false},"excerpt":{"rendered":"<p>Our goal is shared success for all parties involved.<\/p>","protected":false},"author":1,"featured_media":0,"parent":0,"menu_order":0,"comment_status":"closed","ping_status":"closed","template":"","meta":{"_et_pb_use_builder":"on","_et_pb_old_content":"","_et_gb_content_width":"","footnotes":""},"class_list":["post-1005","page","type-page","status-publish","hentry"],"_links":{"self":[{"href":"https:\/\/fincap.fi\/en\/wp-json\/wp\/v2\/pages\/1005","targetHints":{"allow":["GET"]}}],"collection":[{"href":"https:\/\/fincap.fi\/en\/wp-json\/wp\/v2\/pages"}],"about":[{"href":"https:\/\/fincap.fi\/en\/wp-json\/wp\/v2\/types\/page"}],"author":[{"embeddable":true,"href":"https:\/\/fincap.fi\/en\/wp-json\/wp\/v2\/users\/1"}],"replies":[{"embeddable":true,"href":"https:\/\/fincap.fi\/en\/wp-json\/wp\/v2\/comments?post=1005"}],"version-history":[{"count":3,"href":"https:\/\/fincap.fi\/en\/wp-json\/wp\/v2\/pages\/1005\/revisions"}],"predecessor-version":[{"id":13229,"href":"https:\/\/fincap.fi\/en\/wp-json\/wp\/v2\/pages\/1005\/revisions\/13229"}],"wp:attachment":[{"href":"https:\/\/fincap.fi\/en\/wp-json\/wp\/v2\/media?parent=1005"}],"curies":[{"name":"wp","href":"https:\/\/api.w.org\/{rel}","templated":true}]}}