{"id":1010,"date":"2024-04-26T13:45:43","date_gmt":"2024-04-26T11:45:43","guid":{"rendered":"https:\/\/fincap.fi\/?page_id=1010"},"modified":"2026-03-02T20:52:36","modified_gmt":"2026-03-02T18:52:36","slug":"yhteystiedot","status":"publish","type":"page","link":"https:\/\/fincap.fi\/en\/yhteystiedot\/","title":{"rendered":"Contact Information"},"content":{"rendered":"<p>[et_pb_section fb_built=&#8221;1&#8243; custom_padding_last_edited=&#8221;on|phone&#8221; admin_label=&#8221;teksti nosto&#8221; _builder_version=&#8221;4.25.1&#8243; _module_preset=&#8221;default&#8221; background_color=&#8221;#001213&#8243; use_background_color_gradient=&#8221;on&#8221; background_color_gradient_type=&#8221;elliptical&#8221; background_color_gradient_direction_radial=&#8221;top left&#8221; background_color_gradient_stops=&#8221;#015861 0%|#001213 81%&#8221; custom_padding=&#8221;243px||1px||false|false&#8221; custom_padding_tablet=&#8221;119px||||false|false&#8221; custom_padding_phone=&#8221;90px||||false|false&#8221; global_colors_info=&#8221;{}&#8221;][et_pb_row _builder_version=&#8221;4.25.0&#8243; _module_preset=&#8221;default&#8221; max_width=&#8221;1300px&#8221; global_colors_info=&#8221;{}&#8221;][et_pb_column type=&#8221;4_4&#8243; _builder_version=&#8221;4.25.0&#8243; _module_preset=&#8221;default&#8221; global_colors_info=&#8221;{}&#8221;][et_pb_text _builder_version=&#8221;4.25.0&#8243; _module_preset=&#8221;default&#8221; custom_padding=&#8221;||61px|||&#8221; custom_padding_tablet=&#8221;||6px||false|false&#8221; custom_padding_phone=&#8221;||0px||false|false&#8221; custom_padding_last_edited=&#8221;on|phone&#8221; global_colors_info=&#8221;{}&#8221;]<\/p>\n<h2>Yhteystiedot<\/h2>\n<p>[\/et_pb_text][\/et_pb_column][\/et_pb_row][et_pb_row column_structure=&#8221;1_3,1_3,1_3&#8243; _builder_version=&#8221;4.25.1&#8243; _module_preset=&#8221;d6e35be3-b178-4635-864e-800fa25c019d&#8221; global_colors_info=&#8221;{}&#8221; disabled_on=&#8221;off|off|off&#8221;][et_pb_column type=&#8221;1_3&#8243; _builder_version=&#8221;4.25.1&#8243; _module_preset=&#8221;default&#8221; global_colors_info=&#8221;{}&#8221;][et_pb_blurb title=&#8221;Tuija Toivonen&#8221; alt=&#8221;Tuija Toivonen&#8221; _builder_version=&#8221;4.27.4&#8243; _module_preset=&#8221;7cdd17ef-d0d3-4fc4-b406-2f8d7f4aad27&#8243; hover_enabled=&#8221;0&#8243; locked=&#8221;off&#8221; global_colors_info=&#8221;{}&#8221; sticky_enabled=&#8221;0&#8243;]<\/p>\n<h2><\/h2>\n<h4><\/h4>\n<ol>\n<li>talous<\/li>\n<\/ol>\n<p><a href=\"mailto:tuija.toivonen@fincap.fi\">tuija.toivonen<\/a><a href=\"mailto:tuija.toivonen@fincap.fi\">@fincap.fi<\/a><br \/><a href=\"tel:+358503277578\">+358 50 327 7578<\/a><\/p>\n<p>[\/et_pb_blurb][\/et_pb_column][et_pb_column _builder_version=&#8221;4.27.4&#8243; _module_preset=&#8221;default&#8221; type=&#8221;1_3&#8243;][et_pb_blurb title=&#8221;Arja Katajam\u00e4ki&#8221; alt=&#8221;Arja Katajam\u00e4ki&#8221; _builder_version=&#8221;4.27.4&#8243; _module_preset=&#8221;7cdd17ef-d0d3-4fc4-b406-2f8d7f4aad27&#8243; hover_enabled=&#8221;0&#8243; locked=&#8221;off&#8221; global_colors_info=&#8221;{}&#8221; sticky_enabled=&#8221;0&#8243;]<\/p>\n<h2><\/h2>\n<h4><\/h4>\n<ol>\n<li>hallinto<\/li>\n<\/ol>\n<p><a href=\"mailto:arja.katajamaki@fincap.fi\">arja.katajamaki@<span class=\"domain\">fincap.fi<\/span><\/a><a href=\"mailto:tuija.toivonen@fincap.fi\"><\/a><br \/><a href=\"tel:+358 40%C2%A0714 6690\">+358 40\u00a0714 6690<\/a><\/p>\n<p>[\/et_pb_blurb][\/et_pb_column][et_pb_column _builder_version=&#8221;4.27.4&#8243; _module_preset=&#8221;default&#8221; type=&#8221;1_3&#8243;][\/et_pb_column][\/et_pb_row][et_pb_row column_structure=&#8221;1_2,1_4,1_4&#8243; make_equal=&#8221;on&#8221; custom_padding_last_edited=&#8221;on|phone&#8221; _builder_version=&#8221;4.25.1&#8243; _module_preset=&#8221;default&#8221; max_width=&#8221;1300px&#8221; custom_padding=&#8221;||167px||false|false&#8221; custom_padding_tablet=&#8221;||153px||false|false&#8221; custom_padding_phone=&#8221;||27px||false|false&#8221; global_colors_info=&#8221;{}&#8221;][et_pb_column type=&#8221;1_2&#8243; _builder_version=&#8221;4.25.0&#8243; _module_preset=&#8221;default&#8221; global_colors_info=&#8221;{}&#8221;][et_pb_text _builder_version=&#8221;4.27.4&#8243; _module_preset=&#8221;default&#8221; custom_padding=&#8221;||29px||false|false&#8221; global_colors_info=&#8221;{}&#8221;]<\/p>\n<h2>Yhdess\u00e4 rakennamme vahvan tulevaisuuden<\/h2>\n<p>Kartoitamme jatkuvasti uusia mahdollisuuksia kasvuun ja menestykseen.<\/p>\n<p>&nbsp;<\/p>\n<p>&nbsp;<\/p>\n<p>[\/et_pb_text][et_pb_text _builder_version=&#8221;4.25.0&#8243; _module_preset=&#8221;default&#8221; text_font_size=&#8221;11px&#8221; max_width=&#8221;338px&#8221; global_colors_info=&#8221;{}&#8221;]<\/p>\n<p><span>* Puhelu 010 Yritysnumeroon maksaa soittajalle: 8,35 snt\/puh + 6,00 snt\/min (alv 24%) &#8211; kotimaan lankaliittymist\u00e4; 8,35 snt\/puh + 17,17 snt\/min (alv 24%) &#8211; kotimaan matkapuhelimista. Ulkomailta soitettaessa hinta m\u00e4\u00e4r\u00e4ytyy paikallisen operaattorin hinnaston mukaisesti.<\/span><\/p>\n<p>[\/et_pb_text][\/et_pb_column][et_pb_column type=&#8221;1_4&#8243; _builder_version=&#8221;4.25.1&#8243; _module_preset=&#8221;default&#8221; custom_padding=&#8221;0px|0px|0px|0px|false|false&#8221; custom_padding_tablet=&#8221;|||0px|false|false&#8221; custom_padding_phone=&#8221;131px|||0px|false|false&#8221; custom_padding_last_edited=&#8221;on|tablet&#8221; global_colors_info=&#8221;{}&#8221;][et_pb_blurb title=&#8221;Helsinki&#8221; image=&#8221;https:\/\/fincap.fi\/wp-content\/uploads\/2024\/04\/helsinki.svg&#8221; image_icon_width=&#8221;172px&#8221; icon_alignment=&#8221;left&#8221; _builder_version=&#8221;4.27.3&#8243; _module_preset=&#8221;default&#8221; body_font_size=&#8221;1rem&#8221; body_line_height=&#8221;1.4em&#8221; transform_scale_tablet=&#8221;&#8221; transform_scale_phone=&#8221;&#8221; transform_scale_last_edited=&#8221;on|desktop&#8221; transform_translate=&#8221;51px|120px&#8221; transform_translate_tablet=&#8221;51px|120px&#8221; transform_translate_phone=&#8221;75px|-53px&#8221; transform_translate_last_edited=&#8221;on|phone&#8221; transform_translate_linked=&#8221;off&#8221; transform_rotate_tablet=&#8221;&#8221; transform_rotate_phone=&#8221;&#8221; transform_rotate_last_edited=&#8221;on|desktop&#8221; transform_skew_tablet=&#8221;&#8221; transform_skew_phone=&#8221;&#8221; transform_skew_last_edited=&#8221;on|desktop&#8221; transform_origin_tablet=&#8221;&#8221; transform_origin_phone=&#8221;&#8221; transform_origin_last_edited=&#8221;on|desktop&#8221; transform_styles_last_edited=&#8221;on|phone&#8221; background_layout=&#8221;dark&#8221; custom_margin_tablet=&#8221;85px||||false|false&#8221; custom_margin_phone=&#8221;26px||||false|false&#8221; custom_margin_last_edited=&#8221;off|desktop&#8221; custom_padding_last_edited=&#8221;off|tablet&#8221; transform_styles_tablet=&#8221;&#8221; transform_styles_phone=&#8221;&#8221; custom_css_blurb_image=&#8221;transform: translateX(-22px);&#8221; global_colors_info=&#8221;{}&#8221;]<\/p>\n<p>Ratakatu 3 A L<br \/>00120 Helsinki<\/p>\n<p>[\/et_pb_blurb][\/et_pb_column][et_pb_column type=&#8221;1_4&#8243; _builder_version=&#8221;4.25.1&#8243; _module_preset=&#8221;default&#8221; custom_padding=&#8221;||0px||false|false&#8221; custom_padding_tablet=&#8221;||30px|0px|false|false&#8221; custom_padding_phone=&#8221;||48px|0px|false|false&#8221; custom_padding_last_edited=&#8221;on|desktop&#8221; global_colors_info=&#8221;{}&#8221;][et_pb_blurb title=&#8221;Sein\u00e4joki&#8221; image=&#8221;https:\/\/fincap.fi\/wp-content\/uploads\/2024\/04\/seinajoki.svg&#8221; image_icon_width=&#8221;172px&#8221; icon_alignment=&#8221;left&#8221; _builder_version=&#8221;4.25.1&#8243; _module_preset=&#8221;default&#8221; body_font_size=&#8221;1rem&#8221; body_line_height=&#8221;1.4em&#8221; transform_scale_tablet=&#8221;&#8221; transform_scale_phone=&#8221;&#8221; transform_scale_last_edited=&#8221;on|desktop&#8221; transform_translate=&#8221;46px|59px&#8221; transform_translate_tablet=&#8221;0px|21px&#8221; transform_translate_phone=&#8221;70px|10px&#8221; transform_translate_last_edited=&#8221;on|phone&#8221; transform_translate_linked=&#8221;off&#8221; transform_rotate_tablet=&#8221;&#8221; transform_rotate_phone=&#8221;&#8221; transform_rotate_last_edited=&#8221;on|desktop&#8221; transform_skew_tablet=&#8221;&#8221; transform_skew_phone=&#8221;&#8221; transform_skew_last_edited=&#8221;on|desktop&#8221; transform_origin_tablet=&#8221;&#8221; transform_origin_phone=&#8221;&#8221; transform_origin_last_edited=&#8221;on|desktop&#8221; transform_styles_last_edited=&#8221;on|phone&#8221; background_layout=&#8221;dark&#8221; transform_styles_tablet=&#8221;&#8221; transform_styles_phone=&#8221;&#8221; custom_css_blurb_image=&#8221;transform: translateX(-22px);&#8221; global_colors_info=&#8221;{}&#8221;]<\/p>\n<p><span>Torikeskus<\/span><br \/><span>Kauppatori 1-3 C<\/span><br \/><span>60100 Sein\u00e4joki<\/span><\/p>\n<p>[\/et_pb_blurb][\/et_pb_column][\/et_pb_row][\/et_pb_section]<\/p>\n","protected":false},"excerpt":{"rendered":"<p>Part of the Whole<\/p>","protected":false},"author":1,"featured_media":0,"parent":0,"menu_order":0,"comment_status":"closed","ping_status":"closed","template":"","meta":{"_et_pb_use_builder":"on","_et_pb_old_content":"<!-- wp:divi\/placeholder \/-->","_et_gb_content_width":"","footnotes":""},"class_list":["post-1010","page","type-page","status-publish","hentry"],"_links":{"self":[{"href":"https:\/\/fincap.fi\/en\/wp-json\/wp\/v2\/pages\/1010","targetHints":{"allow":["GET"]}}],"collection":[{"href":"https:\/\/fincap.fi\/en\/wp-json\/wp\/v2\/pages"}],"about":[{"href":"https:\/\/fincap.fi\/en\/wp-json\/wp\/v2\/types\/page"}],"author":[{"embeddable":true,"href":"https:\/\/fincap.fi\/en\/wp-json\/wp\/v2\/users\/1"}],"replies":[{"embeddable":true,"href":"https:\/\/fincap.fi\/en\/wp-json\/wp\/v2\/comments?post=1010"}],"version-history":[{"count":19,"href":"https:\/\/fincap.fi\/en\/wp-json\/wp\/v2\/pages\/1010\/revisions"}],"predecessor-version":[{"id":13226,"href":"https:\/\/fincap.fi\/en\/wp-json\/wp\/v2\/pages\/1010\/revisions\/13226"}],"wp:attachment":[{"href":"https:\/\/fincap.fi\/en\/wp-json\/wp\/v2\/media?parent=1010"}],"curies":[{"name":"wp","href":"https:\/\/api.w.org\/{rel}","templated":true}]}}