{"id":10186,"date":"2024-05-07T01:56:14","date_gmt":"2024-05-06T23:56:14","guid":{"rendered":"https:\/\/fincap.fi\/?page_id=10186"},"modified":"2024-05-20T07:58:10","modified_gmt":"2024-05-20T05:58:10","slug":"referenssit","status":"publish","type":"page","link":"https:\/\/fincap.fi\/en\/referenssit\/","title":{"rendered":"References"},"content":{"rendered":"<p>[et_pb_section fb_built=&#8221;1&#8243; custom_padding_last_edited=&#8221;on|tablet&#8221; _builder_version=&#8221;4.25.1&#8243; _module_preset=&#8221;default&#8221; background_color=&#8221;#001213&#8243; use_background_color_gradient=&#8221;on&#8221; background_color_gradient_type=&#8221;elliptical&#8221; background_color_gradient_direction_radial=&#8221;top left&#8221; background_color_gradient_stops=&#8221;#001213 41%|#015861 88%&#8221; custom_padding=&#8221;123px||202px|||&#8221; custom_padding_tablet=&#8221;103px||||false|false&#8221; custom_padding_phone=&#8221;57px||131px||false|false&#8221; global_colors_info=&#8221;{}&#8221;][et_pb_row _builder_version=&#8221;4.25.1&#8243; _module_preset=&#8221;default&#8221; width=&#8221;100%&#8221; width_tablet=&#8221;95%&#8221; width_phone=&#8221;93%&#8221; width_last_edited=&#8221;on|desktop&#8221; max_width=&#8221;1263px&#8221; custom_padding=&#8221;112px||90px|||&#8221; global_colors_info=&#8221;{}&#8221;][et_pb_column type=&#8221;4_4&#8243; _builder_version=&#8221;4.25.1&#8243; _module_preset=&#8221;default&#8221; pac_dcm_carousel_specific_module_num=&#8221;0&#8243; global_colors_info=&#8221;{}&#8221;][et_pb_text _builder_version=&#8221;4.25.0&#8243; _module_preset=&#8221;2cbb909c-dcc4-4656-8977-b1316d4bbbac&#8221; global_colors_info=&#8221;{}&#8221;]<\/p>\n<h4 style=\"text-align: center;\">Referenssimme<\/h4>\n<p>[\/et_pb_text][et_pb_heading title=&#8221;Tutustu monipuolisiin referensseihimme&#8221; _builder_version=&#8221;4.25.0&#8243; _module_preset=&#8221;ba343af3-a6bc-43e9-847b-396773836cd1&#8243; width=&#8221;81%&#8221; width_tablet=&#8221;100%&#8221; width_phone=&#8221;100%&#8221; width_last_edited=&#8221;on|phone&#8221; custom_margin=&#8221;-9px||||false|false&#8221; global_colors_info=&#8221;{}&#8221;][\/et_pb_heading][et_pb_text _builder_version=&#8221;4.25.1&#8243; _module_preset=&#8221;2cbb909c-dcc4-4656-8977-b1316d4bbbac&#8221; width=&#8221;100%&#8221; max_width=&#8221;713px&#8221; module_alignment=&#8221;center&#8221; custom_margin=&#8221;-12px||||false|false&#8221; global_colors_info=&#8221;{}&#8221;]<\/p>\n<p style=\"text-align: center;\">Mit\u00e4 ikin\u00e4 teemmekin, tavoitteenamme on tuottaa arvoa niin yksil\u00f6lle, yhteysty\u00f6kumppaneille, ymp\u00e4rist\u00f6lle kuin yhteis\u00f6llekin.<\/p>\n<p>[\/et_pb_text][et_pb_filterable_portfolio posts_number=&#8221;99&#8243; show_pagination=&#8221;off&#8221; disabled_on=&#8221;off|off|off&#8221; _builder_version=&#8221;4.25.1&#8243; _module_preset=&#8221;default&#8221; title_text_align=&#8221;center&#8221; title_font_size=&#8221;1.6rem&#8221; filter_font=&#8221;AS||||||||&#8221; filter_text_color=&#8221;#E2F0F2&#8243; filter_font_size=&#8221;1rem&#8221; filter_line_height=&#8221;1.2em&#8221; caption_text_align=&#8221;center&#8221; caption_text_color=&#8221;#FFFFFF&#8221; caption_font_size=&#8221;1rem&#8221; pagination_text_color=&#8221;#78CFD8&#8243; max_width=&#8221;57%&#8221; max_width_tablet=&#8221;100%&#8221; max_width_phone=&#8221;100%&#8221; max_width_last_edited=&#8221;on|desktop&#8221; module_alignment=&#8221;center&#8221; custom_padding=&#8221;100px||||false|false&#8221; custom_padding_tablet=&#8221;100px||||false|false&#8221; custom_padding_phone=&#8221;33px|0px||0px|false|false&#8221; custom_padding_last_edited=&#8221;on|desktop&#8221; hover_enabled=&#8221;0&#8243; filter_font_size_tablet=&#8221;1rem&#8221; filter_font_size_phone=&#8221;12px&#8221; filter_font_size_last_edited=&#8221;on|tablet&#8221; filter_line_height_tablet=&#8221;1.2em&#8221; filter_line_height_phone=&#8221;1.2em&#8221; filter_line_height_last_edited=&#8221;on|tablet&#8221; custom_css_free_form=&#8221;.et_pb_filterable_portfolio .et_pb_portfolio_filters li a {||    background-color: #015861; \/* Change #123456 to your desired color *\/||}||.et_pb_filterable_portfolio .et_pb_portfolio_filters li a.active {||    background-color: #001213; \/* Different color for active button *\/||}||.et_pb_filterable_portfolio .et_pb_portfolio_filters li a:hover {||    background-color: #012f34; \/* Color when hovering *\/||}||.et_pb_filterable_portfolio .et_pb_portfolio_filters li a {||    border: 1px solid #012f34; \/* Adjust border as needed *\/||    padding: 10px 16px; \/* Adjust padding as needed *\/||}||.et_pb_filterable_portfolio .et_pb_portfolio_filters {||\tdisplay: flex; \/* keskitys napeille *\/||  justify-content: center;||\tmargin: 0 0 40px;||}||.et_pb_filterable_portfolio .et_pb_portfolio_item {||\tpadding-bottom: 50px;||\tborder-bottom: 1px solid rgba(252, 252, 252, 0.3)!important;||\tpadding-top: 70px;||}&#8221; custom_css_portfolio_image=&#8221;margin-bottom: 30px;&#8221; custom_css_portfolio_post_meta=&#8221;margin-bottom: 30px;&#8221; border_style_all=&#8221;none&#8221; border_color_all_image=&#8221;gcid-b05f233c-e553-4c05-9e25-e947562aaf77&#8243; global_colors_info=&#8221;{%22gcid-b05f233c-e553-4c05-9e25-e947562aaf77%22:%91%22border_color_all_image%22%93}&#8221; filter_text_color__hover_enabled=&#8221;on|hover&#8221; filter_text_color__hover=&#8221;#FFFFFF&#8221; sticky_enabled=&#8221;0&#8243;][\/et_pb_filterable_portfolio][\/et_pb_column][\/et_pb_row][\/et_pb_section]<\/p>\n","protected":false},"excerpt":{"rendered":"<p>Together we can achieve more<\/p>","protected":false},"author":1,"featured_media":0,"parent":0,"menu_order":0,"comment_status":"closed","ping_status":"closed","template":"","meta":{"_et_pb_use_builder":"on","_et_pb_old_content":"","_et_gb_content_width":"","footnotes":""},"class_list":["post-10186","page","type-page","status-publish","hentry"],"_links":{"self":[{"href":"https:\/\/fincap.fi\/en\/wp-json\/wp\/v2\/pages\/10186","targetHints":{"allow":["GET"]}}],"collection":[{"href":"https:\/\/fincap.fi\/en\/wp-json\/wp\/v2\/pages"}],"about":[{"href":"https:\/\/fincap.fi\/en\/wp-json\/wp\/v2\/types\/page"}],"author":[{"embeddable":true,"href":"https:\/\/fincap.fi\/en\/wp-json\/wp\/v2\/users\/1"}],"replies":[{"embeddable":true,"href":"https:\/\/fincap.fi\/en\/wp-json\/wp\/v2\/comments?post=10186"}],"version-history":[{"count":0,"href":"https:\/\/fincap.fi\/en\/wp-json\/wp\/v2\/pages\/10186\/revisions"}],"wp:attachment":[{"href":"https:\/\/fincap.fi\/en\/wp-json\/wp\/v2\/media?parent=10186"}],"curies":[{"name":"wp","href":"https:\/\/api.w.org\/{rel}","templated":true}]}}