{"id":12715,"date":"2024-05-21T19:47:12","date_gmt":"2024-05-21T17:47:12","guid":{"rendered":"https:\/\/fincap.fi\/?page_id=12715"},"modified":"2025-05-28T11:44:09","modified_gmt":"2025-05-28T09:44:09","slug":"etusivu2","status":"publish","type":"page","link":"https:\/\/fincap.fi\/en\/etusivu2\/","title":{"rendered":"etusivu2"},"content":{"rendered":"<p>[et_pb_section fb_built=&#8221;1&#8243; admin_label=&#8221;hero&#8221; _builder_version=&#8221;4.25.0&#8243; _module_preset=&#8221;default&#8221; use_background_color_gradient=&#8221;on&#8221; background_color_gradient_direction=&#8221;181deg&#8221; background_color_gradient_stops=&#8221;rgba(43,135,218,0) 0%|rgba(10,31,50,0) 92%|#001213 100%&#8221; background_color_gradient_overlays_image=&#8221;on&#8221; background_image=&#8221;https:\/\/fincap.fi\/wp-content\/uploads\/2024\/04\/t1-scaled.webp&#8221; background_position=&#8221;bottom_center&#8221; min_height=&#8221;100vh&#8221; min_height_tablet=&#8221;466px&#8221; min_height_phone=&#8221;352px&#8221; min_height_last_edited=&#8221;off|desktop&#8221; height_last_edited=&#8221;off|desktop&#8221; custom_margin=&#8221;||||false|false&#8221; custom_css_main_element=&#8221;display: flex;||flex-direction: column;||justify-content: center;||align-items: center;||text-align: center;&#8221; global_colors_info=&#8221;{}&#8221; height__hover_enabled=&#8221;on|desktop&#8221;][et_pb_row _builder_version=&#8221;4.25.1&#8243; _module_preset=&#8221;default&#8221; global_colors_info=&#8221;{}&#8221;][et_pb_column type=&#8221;4_4&#8243; _builder_version=&#8221;4.25.0&#8243; _module_preset=&#8221;default&#8221; pac_dcm_carousel_specific_module_num=&#8221;0&#8243; global_colors_info=&#8221;{}&#8221;][et_pb_image src=&#8221;https:\/\/fincap.fi\/wp-content\/uploads\/2024\/04\/blurp-logo-1.svg&#8221; alt=&#8221;FINCAP&#8221; title_text=&#8221;blurp-logo&#8221; align=&#8221;center&#8221; _builder_version=&#8221;4.25.0&#8243; _module_preset=&#8221;89514fab-fdb3-4b8c-a7e1-ee260b125d0d&#8221; width_tablet=&#8221;&#8221; width_phone=&#8221;&#8221; width_last_edited=&#8221;on|desktop&#8221; max_width=&#8221;80px&#8221; max_width_tablet=&#8221;80px&#8221; max_width_phone=&#8221;57px&#8221; max_width_last_edited=&#8221;on|phone&#8221; module_alignment=&#8221;center&#8221; custom_padding=&#8221;||44px||false|false&#8221; custom_padding_tablet=&#8221;||52px||false|false&#8221; custom_padding_phone=&#8221;||40px||false|false&#8221; global_colors_info=&#8221;{}&#8221;][\/et_pb_image][et_pb_heading title=&#8221;Olemme aktiivinen ja nopeasti reagoiva sijoitusyhti\u00f6&#8221; _builder_version=&#8221;4.25.0&#8243; _module_preset=&#8221;abd262b0-e1d5-4759-92c1-35614aeee512&#8243; width=&#8221;700px&#8221; width_tablet=&#8221;100%&#8221; width_phone=&#8221;100%&#8221; width_last_edited=&#8221;on|phone&#8221; global_colors_info=&#8221;{}&#8221;][\/et_pb_heading][\/et_pb_column][\/et_pb_row][\/et_pb_section][et_pb_section fb_built=&#8221;1&#8243; custom_padding_last_edited=&#8221;on|desktop&#8221; admin_label=&#8221;kakkososio&#8221; _builder_version=&#8221;4.25.1&#8243; _module_preset=&#8221;2cc72153-cc92-4fee-8c2f-aeaee21cc823&#8243; background_color=&#8221;#001213&#8243; use_background_color_gradient=&#8221;on&#8221; background_color_gradient_stops=&#8221;#012f34 0%|#001213 21%|#00090a 46%|rgba(0,9,10,0.46) 98%&#8221; background_color_gradient_overlays_image=&#8221;on&#8221; background_image=&#8221;https:\/\/fincap.fi\/wp-content\/uploads\/2024\/05\/revontulitausta-scaled.webp&#8221; background_size=&#8221;initial&#8221; background_position=&#8221;bottom_right&#8221; custom_margin=&#8221;0px||0px||false|false&#8221; custom_padding=&#8221;134px||0px||false|false&#8221; custom_padding_tablet=&#8221;39px||||false|false&#8221; custom_padding_phone=&#8221;31px||0px||false|false&#8221; background_color_phone=&#8221;#001213&#8243; background_last_edited=&#8221;on|desktop&#8221; background_enable_color_phone=&#8221;on&#8221; use_background_color_gradient_tablet=&#8221;off&#8221; use_background_color_gradient_phone=&#8221;off&#8221; background_enable_pattern_style_phone=&#8221;on&#8221; background_pattern_style_phone=&#8221;cubes&#8221; background_pattern_color_phone=&#8221;rgba(1,47,52,0.37)&#8221; background_pattern_repeat_origin_phone=&#8221;top_center&#8221; background_pattern_vertical_offset_phone=&#8221;0%&#8221; background_pattern_blend_mode_phone=&#8221;multiply&#8221; global_colors_info=&#8221;{}&#8221;][et_pb_row custom_padding_last_edited=&#8221;on|phone&#8221; _builder_version=&#8221;4.25.1&#8243; _module_preset=&#8221;default&#8221; max_width=&#8221;1145px&#8221; custom_padding=&#8221;69px||101px|||&#8221; custom_padding_tablet=&#8221;59px||59px||true|false&#8221; custom_padding_phone=&#8221;59px||59px||true|false&#8221; global_colors_info=&#8221;{}&#8221;][et_pb_column type=&#8221;4_4&#8243; _builder_version=&#8221;4.25.0&#8243; _module_preset=&#8221;default&#8221; pac_dcm_carousel_specific_module_num=&#8221;0&#8243; global_colors_info=&#8221;{}&#8221;][et_pb_text admin_label=&#8221;Text&#8221; _builder_version=&#8221;4.25.0&#8243; _module_preset=&#8221;49097895-de40-4cd3-98c3-55088ed0a638&#8243; global_colors_info=&#8221;{}&#8221;]<\/p>\n<h4 style=\"text-align: center;\">Mit\u00e4 teemme<\/h4>\n<p>[\/et_pb_text][et_pb_heading title=&#8221;Olemme kokenut sijoitusyhti\u00f6, jonka energia loistaa kirkkaimmillaan kehitt\u00e4j\u00e4n roolissa.&#8221; _builder_version=&#8221;4.25.0&#8243; _module_preset=&#8221;abd262b0-e1d5-4759-92c1-35614aeee512&#8243; max_width=&#8221;790px&#8221; global_colors_info=&#8221;{}&#8221;][\/et_pb_heading][et_pb_text _builder_version=&#8221;4.25.1&#8243; _module_preset=&#8221;49097895-de40-4cd3-98c3-55088ed0a638&#8243; global_colors_info=&#8221;{}&#8221;]<\/p>\n<p style=\"text-align: center;\">Sijoitusstrategiamme perustuu aktiiviseen ja nopeaan p\u00e4\u00e4t\u00f6ksentekoon, joka mahdollistaa reagoinnin markkinoiden liikkeisiin.<\/p>\n<p>[\/et_pb_text][\/et_pb_column][\/et_pb_row][et_pb_row column_structure=&#8221;1_2,1_2&#8243; use_custom_gutter=&#8221;on&#8221; make_equal=&#8221;on&#8221; _builder_version=&#8221;4.25.1&#8243; _module_preset=&#8221;default&#8221; max_width=&#8221;1263px&#8221; global_colors_info=&#8221;{}&#8221;][et_pb_column type=&#8221;1_2&#8243; _builder_version=&#8221;4.25.0&#8243; _module_preset=&#8221;default&#8221; custom_padding=&#8221;|38px|||false|false&#8221; custom_padding_tablet=&#8221;|0px|||false|false&#8221; custom_padding_phone=&#8221;|0px|||false|false&#8221; custom_padding_last_edited=&#8221;on|phone&#8221; pac_dcm_carousel_specific_module_num=&#8221;0&#8243; global_colors_info=&#8221;{}&#8221;][et_pb_blurb title=&#8221;Tavoite&#8221; alt=&#8221;FINCAP&#8221; _builder_version=&#8221;4.25.0&#8243; _module_preset=&#8221;70caecb5-5171-4b69-9a9d-d9b9aa47a66c&#8221; global_colors_info=&#8221;{}&#8221;]<\/p>\n<p>Tehokkaana sijoitusyhti\u00f6n\u00e4 tavoitteenamme on luoda lis\u00e4arvoaa sijoituskohteillemme ja mahdollistaa niiden kannattava kasvu. <span>T\u00e4m\u00e4 saavutetaan strategisella sijoitusvalinnalla, operatiivisella tehostamisella ja vahvalla kumppanuudella portfolioyritysten kanssa.<\/span><\/p>\n<p>[\/et_pb_blurb][\/et_pb_column][et_pb_column type=&#8221;1_2&#8243; _builder_version=&#8221;4.25.0&#8243; _module_preset=&#8221;default&#8221; custom_padding=&#8221;|||38px|false|false&#8221; custom_padding_tablet=&#8221;|||0px|false|false&#8221; custom_padding_phone=&#8221;|||0px|false|false&#8221; custom_padding_last_edited=&#8221;on|desktop&#8221; pac_dcm_carousel_specific_module_num=&#8221;0&#8243; global_colors_info=&#8221;{}&#8221;][et_pb_blurb title=&#8221;Vahvuus&#8221; alt=&#8221;FINCAP&#8221; _builder_version=&#8221;4.25.0&#8243; _module_preset=&#8221;70caecb5-5171-4b69-9a9d-d9b9aa47a66c&#8221; global_colors_info=&#8221;{}&#8221;]<\/p>\n<p>Vahvuutemme piilee kyvyss\u00e4 yhdist\u00e4\u00e4 sijoitusalan oivalluskyky ja reagoiva l\u00e4hestymistapa, mik\u00e4 mahdollistaa arvon luomisen monipuolisilla ja kohdeyhti\u00f6ille r\u00e4\u00e4t\u00e4l\u00f6idyill\u00e4 sijoitusstrategioilla.<\/p>\n<p>[\/et_pb_blurb][\/et_pb_column][\/et_pb_row][et_pb_row custom_padding_last_edited=&#8221;on|phone&#8221; admin_label=&#8221;tutustu meihin&#8221; _builder_version=&#8221;4.25.0&#8243; _module_preset=&#8221;default&#8221; custom_padding=&#8221;130px||110px||false|false&#8221; custom_padding_tablet=&#8221;98px||98px||true|false&#8221; custom_padding_phone=&#8221;65px||47px||false|false&#8221; global_colors_info=&#8221;{}&#8221;][et_pb_column type=&#8221;4_4&#8243; _builder_version=&#8221;4.25.0&#8243; _module_preset=&#8221;default&#8221; pac_dcm_carousel_specific_module_num=&#8221;0&#8243; global_colors_info=&#8221;{}&#8221;][et_pb_text admin_label=&#8221;TUTUSTU MEIHIN&#8221; _builder_version=&#8221;4.25.1&#8243; _module_preset=&#8221;49097895-de40-4cd3-98c3-55088ed0a638&#8243; global_colors_info=&#8221;{}&#8221;]<\/p>\n<h4 style=\"text-align: center;\">Tutustu meihin<\/h4>\n<h2 style=\"text-align: center;\">Portfolioyrityksemme<\/h2>\n<p>[\/et_pb_text][\/et_pb_column][\/et_pb_row][et_pb_row column_structure=&#8221;1_2,1_2&#8243; use_custom_gutter=&#8221;on&#8221; gutter_width=&#8221;1&#8243; admin_label=&#8221;Portfolioyhti\u00f6mme 2 rivi&#8221; _builder_version=&#8221;4.25.0&#8243; _module_preset=&#8221;c8ad625c-9d77-40a2-b53b-540c15112a50&#8243; global_colors_info=&#8221;{}&#8221;][et_pb_column type=&#8221;1_2&#8243; _builder_version=&#8221;4.25.0&#8243; _module_preset=&#8221;017cb5ed-e615-433a-81da-d2c8b44094b9&#8243; pac_dcm_carousel_specific_module_num=&#8221;0&#8243; global_colors_info=&#8221;{}&#8221;][\/et_pb_column][et_pb_column type=&#8221;1_2&#8243; _builder_version=&#8221;4.25.0&#8243; _module_preset=&#8221;default&#8221; custom_padding=&#8221;|||70px|false|false&#8221; custom_padding_tablet=&#8221;|||0px|false|false&#8221; custom_padding_phone=&#8221;|||0px|false|false&#8221; custom_padding_last_edited=&#8221;on|tablet&#8221; pac_dcm_carousel_specific_module_num=&#8221;0&#8243; global_colors_info=&#8221;{}&#8221;][et_pb_divider show_divider=&#8221;off&#8221; _builder_version=&#8221;4.25.0&#8243; _module_preset=&#8221;default&#8221; custom_margin=&#8221;200px||||false|false&#8221; custom_margin_tablet=&#8221;200px||||false|false&#8221; custom_margin_phone=&#8221;0px||||false|false&#8221; custom_margin_last_edited=&#8221;on|phone&#8221; locked=&#8221;off&#8221; global_colors_info=&#8221;{}&#8221;][\/et_pb_divider][et_pb_image src=&#8221;https:\/\/fincap.fi\/wp-content\/uploads\/2024\/05\/Fincap_rakennus_web.png&#8221; alt=&#8221;dynamics&#8221; title_text=&#8221;Fincap_rakennus_web&#8221; url=&#8221;\/?p=842#pohjanmaa&#8221; use_overlay=&#8221;on&#8221; overlay_icon_color=&#8221;RGBA(255,255,255,0)&#8221; hover_overlay_color=&#8221;rgba(10,10,10,0.31)&#8221; _builder_version=&#8221;4.25.1&#8243; _module_preset=&#8221;864e7b8c-9157-47b8-a108-5c63b15e85bf&#8221; locked=&#8221;off&#8221; global_colors_info=&#8221;{%22gcid-88a02258-0a93-45a0-a601-f25f087a778b%22:%91%22hover_overlay_color%22%93}&#8221;][\/et_pb_image][et_pb_image src=&#8221;https:\/\/fincap.fi\/wp-content\/uploads\/2024\/04\/nuolioikealle.svg&#8221; title_text=&#8221;nuolioikealle&#8221; url=&#8221;\/?p=842#pohjanmaa&#8221; admin_label=&#8221;nuoli&#8221; _builder_version=&#8221;4.25.0&#8243; _module_preset=&#8221;09e99b6d-b1c0-4bc2-8ccf-4974d43bade0&#8243; locked=&#8221;off&#8221; global_colors_info=&#8221;{}&#8221; src__hover_enabled=&#8221;off|desktop&#8221;][\/et_pb_image][et_pb_button button_url=&#8221;\/?p=842#pohjanmaa&#8221; button_text=&#8221;FinCap Rakennus Pohjanmaa&#8221; admin_label=&#8221;H3 nappi&#8221; _builder_version=&#8221;4.25.1&#8243; _module_preset=&#8221;6a07ff93-f2de-45f3-bb57-712f03ea3efc&#8221; custom_padding=&#8221;0px|27px|0px|0px|false|false&#8221; custom_padding_tablet=&#8221;|27px|||false|false&#8221; custom_padding_phone=&#8221;|27px|||false|false&#8221; custom_padding_last_edited=&#8221;on|desktop&#8221; locked=&#8221;off&#8221; global_colors_info=&#8221;{%22gcid-b05f233c-e553-4c05-9e25-e947562aaf77%22:%91%22button_border_color%22,%22button_border_color%22,%22button_border_color%22%93}&#8221;][\/et_pb_button][et_pb_text _builder_version=&#8221;4.25.0&#8243; _module_preset=&#8221;49097895-de40-4cd3-98c3-55088ed0a638&#8243; locked=&#8221;off&#8221; global_colors_info=&#8221;{}&#8221;]<\/p>\n<p>Rakennusliike, joka rakentaa kest\u00e4vi\u00e4 ja elinvoimaisia koteja tuleville sukupolville.<\/p>\n<p>[\/et_pb_text][et_pb_divider show_divider=&#8221;off&#8221; admin_label=&#8221;Armas v\u00e4li alla&#8221; _builder_version=&#8221;4.25.0&#8243; _module_preset=&#8221;515cbed4-c3c5-463e-872c-e965e84f83b0&#8243; locked=&#8221;off&#8221; global_colors_info=&#8221;{}&#8221;][\/et_pb_divider][\/et_pb_column][\/et_pb_row][et_pb_row column_structure=&#8221;1_2,1_2&#8243; use_custom_gutter=&#8221;on&#8221; gutter_width=&#8221;1&#8243; admin_label=&#8221;Portfolioyhti\u00f6mme 3 rivi&#8221; _builder_version=&#8221;4.25.0&#8243; _module_preset=&#8221;c8ad625c-9d77-40a2-b53b-540c15112a50&#8243; global_colors_info=&#8221;{}&#8221;][et_pb_column type=&#8221;1_2&#8243; _builder_version=&#8221;4.25.0&#8243; _module_preset=&#8221;017cb5ed-e615-433a-81da-d2c8b44094b9&#8243; pac_dcm_carousel_specific_module_num=&#8221;0&#8243; global_colors_info=&#8221;{}&#8221;][et_pb_image src=&#8221;https:\/\/fincap.fi\/wp-content\/uploads\/2024\/05\/vuokraus2.webp&#8221; alt=&#8221;dynamics&#8221; title_text=&#8221;vuokraus2&#8243; url=&#8221;\/?p=842#asuntokanava&#8221; use_overlay=&#8221;on&#8221; overlay_icon_color=&#8221;RGBA(255,255,255,0)&#8221; hover_overlay_color=&#8221;gcid-88a02258-0a93-45a0-a601-f25f087a778b&#8221; _builder_version=&#8221;4.25.1&#8243; _module_preset=&#8221;864e7b8c-9157-47b8-a108-5c63b15e85bf&#8221; global_colors_info=&#8221;{%22gcid-88a02258-0a93-45a0-a601-f25f087a778b%22:%91%22hover_overlay_color%22,%22hover_overlay_color%22%93}&#8221;][\/et_pb_image][et_pb_image src=&#8221;https:\/\/fincap.fi\/wp-content\/uploads\/2024\/04\/nuolioikealle.svg&#8221; title_text=&#8221;nuolioikealle&#8221; url=&#8221;\/?p=842#asuntokanava&#8221; url_new_window=&#8221;on&#8221; admin_label=&#8221;nuoli&#8221; _builder_version=&#8221;4.25.0&#8243; _module_preset=&#8221;09e99b6d-b1c0-4bc2-8ccf-4974d43bade0&#8243; locked=&#8221;off&#8221; global_colors_info=&#8221;{}&#8221;][\/et_pb_image][et_pb_button button_url=&#8221;\/?p=842#asuntokanava&#8221; button_text=&#8221;Asuntokanava&#8221; admin_label=&#8221;H3 nappi&#8221; _builder_version=&#8221;4.25.0&#8243; _module_preset=&#8221;6a07ff93-f2de-45f3-bb57-712f03ea3efc&#8221; global_colors_info=&#8221;{%22gcid-b05f233c-e553-4c05-9e25-e947562aaf77%22:%91%22button_border_color%22,%22button_border_color%22%93}&#8221;][\/et_pb_button][et_pb_text _builder_version=&#8221;4.25.0&#8243; _module_preset=&#8221;49097895-de40-4cd3-98c3-55088ed0a638&#8243; global_colors_info=&#8221;{}&#8221;]<\/p>\n<p><span>Alan paras palvelukokonaisuus, jossa yhdistyv\u00e4t digitalisoidut sijoitusasuntojen omistamiseen liittyv\u00e4t keskeiset toiminnot.<\/span><\/p>\n<p>[\/et_pb_text][et_pb_divider show_divider=&#8221;off&#8221; admin_label=&#8221;Armas v\u00e4li alla&#8221; _builder_version=&#8221;4.25.0&#8243; _module_preset=&#8221;515cbed4-c3c5-463e-872c-e965e84f83b0&#8243; global_colors_info=&#8221;{}&#8221;][\/et_pb_divider][\/et_pb_column][et_pb_column type=&#8221;1_2&#8243; _builder_version=&#8221;4.25.0&#8243; _module_preset=&#8221;default&#8221; custom_padding=&#8221;|||70px|false|false&#8221; custom_padding_tablet=&#8221;|||0px|false|false&#8221; custom_padding_phone=&#8221;|||0px|false|false&#8221; custom_padding_last_edited=&#8221;on|tablet&#8221; pac_dcm_carousel_specific_module_num=&#8221;0&#8243; global_colors_info=&#8221;{}&#8221;][et_pb_divider show_divider=&#8221;off&#8221; _builder_version=&#8221;4.25.0&#8243; _module_preset=&#8221;default&#8221; custom_margin=&#8221;200px||||false|false&#8221; custom_margin_tablet=&#8221;200px||||false|false&#8221; custom_margin_phone=&#8221;0px||||false|false&#8221; custom_margin_last_edited=&#8221;on|phone&#8221; global_colors_info=&#8221;{}&#8221;][\/et_pb_divider][et_pb_image src=&#8221;https:\/\/fincap.fi\/wp-content\/uploads\/2024\/05\/Forea.webp&#8221; alt=&#8221;dynamics&#8221; title_text=&#8221;Forea&#8221; url=&#8221;\/?p=842#forea&#8221; use_overlay=&#8221;on&#8221; overlay_icon_color=&#8221;RGBA(255,255,255,0)&#8221; hover_overlay_color=&#8221;gcid-88a02258-0a93-45a0-a601-f25f087a778b&#8221; _builder_version=&#8221;4.25.1&#8243; _module_preset=&#8221;864e7b8c-9157-47b8-a108-5c63b15e85bf&#8221; global_colors_info=&#8221;{%22gcid-88a02258-0a93-45a0-a601-f25f087a778b%22:%91%22hover_overlay_color%22%93}&#8221;][\/et_pb_image][et_pb_image src=&#8221;https:\/\/fincap.fi\/wp-content\/uploads\/2024\/04\/nuolioikealle.svg&#8221; title_text=&#8221;nuolioikealle&#8221; url=&#8221;\/?p=842#forea&#8221; admin_label=&#8221;nuoli&#8221; _builder_version=&#8221;4.25.0&#8243; _module_preset=&#8221;09e99b6d-b1c0-4bc2-8ccf-4974d43bade0&#8243; global_colors_info=&#8221;{}&#8221; src__hover_enabled=&#8221;off|desktop&#8221;][\/et_pb_image][et_pb_button button_url=&#8221;\/?p=842#forea&#8221; button_text=&#8221;Forea&#8221; admin_label=&#8221;H3 nappi&#8221; _builder_version=&#8221;4.25.0&#8243; _module_preset=&#8221;6a07ff93-f2de-45f3-bb57-712f03ea3efc&#8221; global_colors_info=&#8221;{%22gcid-b05f233c-e553-4c05-9e25-e947562aaf77%22:%91%22button_border_color%22,%22button_border_color%22%93}&#8221;][\/et_pb_button][et_pb_text _builder_version=&#8221;4.25.0&#8243; _module_preset=&#8221;49097895-de40-4cd3-98c3-55088ed0a638&#8243; global_colors_info=&#8221;{}&#8221;]<\/p>\n<p>Family Office -tyyppinen varainhoitaja, joka hallinnoi asiakkaidensa varallisuutta yli sukupolvien.<\/p>\n<p>[\/et_pb_text][et_pb_divider show_divider=&#8221;off&#8221; admin_label=&#8221;Armas v\u00e4li alla&#8221; _builder_version=&#8221;4.25.0&#8243; _module_preset=&#8221;515cbed4-c3c5-463e-872c-e965e84f83b0&#8243; global_colors_info=&#8221;{}&#8221;][\/et_pb_divider][\/et_pb_column][\/et_pb_row][et_pb_row column_structure=&#8221;1_2,1_2&#8243; use_custom_gutter=&#8221;on&#8221; gutter_width=&#8221;1&#8243; admin_label=&#8221;Portfolioyhti\u00f6mme 3 rivi&#8221; _builder_version=&#8221;4.25.0&#8243; _module_preset=&#8221;c8ad625c-9d77-40a2-b53b-540c15112a50&#8243; global_colors_info=&#8221;{}&#8221;][et_pb_column type=&#8221;1_2&#8243; _builder_version=&#8221;4.25.0&#8243; _module_preset=&#8221;017cb5ed-e615-433a-81da-d2c8b44094b9&#8243; pac_dcm_carousel_specific_module_num=&#8221;0&#8243; global_colors_info=&#8221;{}&#8221;][et_pb_image src=&#8221;https:\/\/fincap.fi\/wp-content\/uploads\/2024\/05\/City_kauppapaikat_web.png&#8221; alt=&#8221;dynamics&#8221; title_text=&#8221;City_kauppapaikat_web&#8221; url=&#8221;\/?p=842#city&#8221; use_overlay=&#8221;on&#8221; overlay_icon_color=&#8221;RGBA(255,255,255,0)&#8221; hover_overlay_color=&#8221;gcid-88a02258-0a93-45a0-a601-f25f087a778b&#8221; _builder_version=&#8221;4.25.1&#8243; _module_preset=&#8221;864e7b8c-9157-47b8-a108-5c63b15e85bf&#8221; global_colors_info=&#8221;{%22gcid-88a02258-0a93-45a0-a601-f25f087a778b%22:%91%22hover_overlay_color%22%93}&#8221;][\/et_pb_image][et_pb_image src=&#8221;https:\/\/fincap.fi\/wp-content\/uploads\/2024\/04\/nuolioikealle.svg&#8221; title_text=&#8221;nuolioikealle&#8221; url=&#8221;\/?p=842#city&#8221; url_new_window=&#8221;on&#8221; admin_label=&#8221;nuoli&#8221; _builder_version=&#8221;4.25.0&#8243; _module_preset=&#8221;09e99b6d-b1c0-4bc2-8ccf-4974d43bade0&#8243; locked=&#8221;off&#8221; global_colors_info=&#8221;{}&#8221;][\/et_pb_image][et_pb_button button_url=&#8221;\/?p=842#city&#8221; button_text=&#8221;City Kauppapaikat&#8221; admin_label=&#8221;H3 nappi&#8221; _builder_version=&#8221;4.25.0&#8243; _module_preset=&#8221;6a07ff93-f2de-45f3-bb57-712f03ea3efc&#8221; global_colors_info=&#8221;{%22gcid-b05f233c-e553-4c05-9e25-e947562aaf77%22:%91%22button_border_color%22,%22button_border_color%22%93}&#8221;][\/et_pb_button][et_pb_text _builder_version=&#8221;4.25.1&#8243; _module_preset=&#8221;49097895-de40-4cd3-98c3-55088ed0a638&#8243; global_colors_info=&#8221;{}&#8221;]<\/p>\n<p>Kauppakeskuskiinteist\u00f6jen omistaja, kehitt\u00e4j\u00e4 ja hallinnoitsija.<\/p>\n<p>[\/et_pb_text][et_pb_divider show_divider=&#8221;off&#8221; admin_label=&#8221;Armas v\u00e4li alla&#8221; _builder_version=&#8221;4.25.0&#8243; _module_preset=&#8221;515cbed4-c3c5-463e-872c-e965e84f83b0&#8243; global_colors_info=&#8221;{}&#8221;][\/et_pb_divider][\/et_pb_column][et_pb_column type=&#8221;1_2&#8243; _builder_version=&#8221;4.25.0&#8243; _module_preset=&#8221;default&#8221; custom_padding=&#8221;|||70px|false|false&#8221; custom_padding_tablet=&#8221;|||0px|false|false&#8221; custom_padding_phone=&#8221;|||0px|false|false&#8221; custom_padding_last_edited=&#8221;on|tablet&#8221; pac_dcm_carousel_specific_module_num=&#8221;0&#8243; global_colors_info=&#8221;{}&#8221;][\/et_pb_column][\/et_pb_row][et_pb_row custom_padding_last_edited=&#8221;on|phone&#8221; _builder_version=&#8221;4.25.0&#8243; _module_preset=&#8221;default&#8221; max_width=&#8221;1263px&#8221; custom_padding=&#8221;187px||23px|||&#8221; custom_padding_tablet=&#8221;187px||23px|||&#8221; custom_padding_phone=&#8221;56px||0px||false|false&#8221; global_colors_info=&#8221;{}&#8221;][et_pb_column type=&#8221;4_4&#8243; _builder_version=&#8221;4.25.0&#8243; _module_preset=&#8221;default&#8221; pac_dcm_carousel_specific_module_num=&#8221;0&#8243; global_colors_info=&#8221;{}&#8221;][et_pb_text _builder_version=&#8221;4.25.0&#8243; _module_preset=&#8221;49097895-de40-4cd3-98c3-55088ed0a638&#8243; header_3_font=&#8221;|||on|||||&#8221; header_3_font_size=&#8221;1rem&#8221; global_colors_info=&#8221;{}&#8221;]<\/p>\n<h3>fincap sijoittajana<\/h3>\n<p>[\/et_pb_text][\/et_pb_column][\/et_pb_row][et_pb_row column_structure=&#8221;1_3,2_3&#8243; _builder_version=&#8221;4.25.1&#8243; _module_preset=&#8221;default&#8221; max_width=&#8221;1263px&#8221; custom_padding=&#8221;||202px||false|false&#8221; global_colors_info=&#8221;{}&#8221;][et_pb_column type=&#8221;1_3&#8243; _builder_version=&#8221;4.25.0&#8243; _module_preset=&#8221;default&#8221; pac_dcm_carousel_specific_module_num=&#8221;0&#8243; global_colors_info=&#8221;{}&#8221;][\/et_pb_column][et_pb_column type=&#8221;2_3&#8243; _builder_version=&#8221;4.25.0&#8243; _module_preset=&#8221;default&#8221; pac_dcm_carousel_specific_module_num=&#8221;0&#8243; global_colors_info=&#8221;{}&#8221;][et_pb_toggle title=&#8221;Sijoituksemme&#8221; _builder_version=&#8221;4.25.0&#8243; _module_preset=&#8221;c1a604cd-9868-4a3e-aab5-edfab2976af9&#8243; global_colors_info=&#8221;{}&#8221;]<\/p>\n<p>Nykyiset sijoituksemme painottuvat mm. kiinteist\u00f6sijoittamisen ja sosiaalisen infrastruktuurin rakennuttamiseen, joista tiimill\u00e4mme on pitk\u00e4aikainen kokemus ja vankka asiantuntemus. Tavoitteemme on laajentaa sijoitustoimintaamme my\u00f6s muille kehittyville aloille.<\/p>\n<p>[\/et_pb_toggle][et_pb_toggle title=&#8221;Sijoitusstrategia&#8221; _builder_version=&#8221;4.25.0&#8243; _module_preset=&#8221;c1a604cd-9868-4a3e-aab5-edfab2976af9&#8243; global_colors_info=&#8221;{}&#8221;]<\/p>\n<p>Tekemisemme ytimess\u00e4 on intohimo kehitt\u00e4\u00e4 ja vauhdittaa sijoituskohteidemme menestyst\u00e4 kehitt\u00e4j\u00e4n roolissa. Pyrimme jatkuvasti l\u00f6yt\u00e4m\u00e4\u00e4n uusia investointimahdollisuuksia ja ennakkoluulottomasti haastamaan perinteisi\u00e4 ajattelumalleja.<\/p>\n<p>[\/et_pb_toggle][et_pb_toggle title=&#8221;Vastuullisuus&#8221; _builder_version=&#8221;4.25.0&#8243; _module_preset=&#8221;c1a604cd-9868-4a3e-aab5-edfab2976af9&#8243; global_colors_info=&#8221;{}&#8221;]<\/p>\n<p>Tavoitteemme on vaikuttaa my\u00f6nteisesti yhteiskuntaan ja ymp\u00e4rist\u00f6\u00f6n kaikilla sijoitusalueillamme. Siksi vastuullisuus on keskeinen osa liiketoimintaamme, ja pyrimme yhdess\u00e4 sidosryhmiemme kanssa rakentamaan parempaa tulevaisuutta.<span class=\"Apple-converted-space\">\u00a0<\/span><\/p>\n<p>[\/et_pb_toggle][et_pb_toggle title=&#8221;Kansainv\u00e4lisyys&#8221; _builder_version=&#8221;4.25.0&#8243; _module_preset=&#8221;c1a604cd-9868-4a3e-aab5-edfab2976af9&#8243; global_colors_info=&#8221;{}&#8221;]<\/p>\n<p>Avaamme ovia my\u00f6s kansainv\u00e4lisille toimijoille Suomen markkinoille, hy\u00f6dynt\u00e4en maan vakaata taloutta sek\u00e4 luotettavaa ja vihre\u00e4\u00e4 liiketoimintaymp\u00e4rist\u00f6\u00e4.<\/p>\n<p>[\/et_pb_toggle][\/et_pb_column][\/et_pb_row][\/et_pb_section]<\/p>\n","protected":false},"excerpt":{"rendered":"<p>Mit\u00e4 teemmeSijoitusstrategiamme perustuu aktiiviseen ja nopeaan p\u00e4\u00e4t\u00f6ksentekoon, joka mahdollistaa reagoinnin markkinoiden liikkeisiin.Tehokkaana sijoitusyhti\u00f6n\u00e4 tavoitteenamme on luoda lis\u00e4arvoaa sijoituskohteillemme ja mahdollistaa niiden kannattava kasvu. T\u00e4m\u00e4 saavutetaan strategisella sijoitusvalinnalla, operatiivisella tehostamisella ja vahvalla kumppanuudella portfolioyritysten kanssa.Vahvuutemme piilee kyvyss\u00e4 yhdist\u00e4\u00e4 sijoitusalan oivalluskyky ja reagoiva l\u00e4hestymistapa, mik\u00e4 mahdollistaa arvon luomisen monipuolisilla ja kohdeyhti\u00f6ille r\u00e4\u00e4t\u00e4l\u00f6idyill\u00e4 sijoitusstrategioilla.Tutustu meihin PortfolioyrityksemmeRakennusliike, joka rakentaa [&hellip;]<\/p>\n","protected":false},"author":1,"featured_media":0,"parent":0,"menu_order":0,"comment_status":"closed","ping_status":"closed","template":"","meta":{"_et_pb_use_builder":"on","_et_pb_old_content":"","_et_gb_content_width":"","footnotes":""},"class_list":["post-12715","page","type-page","status-publish","hentry"],"_links":{"self":[{"href":"https:\/\/fincap.fi\/en\/wp-json\/wp\/v2\/pages\/12715","targetHints":{"allow":["GET"]}}],"collection":[{"href":"https:\/\/fincap.fi\/en\/wp-json\/wp\/v2\/pages"}],"about":[{"href":"https:\/\/fincap.fi\/en\/wp-json\/wp\/v2\/types\/page"}],"author":[{"embeddable":true,"href":"https:\/\/fincap.fi\/en\/wp-json\/wp\/v2\/users\/1"}],"replies":[{"embeddable":true,"href":"https:\/\/fincap.fi\/en\/wp-json\/wp\/v2\/comments?post=12715"}],"version-history":[{"count":1,"href":"https:\/\/fincap.fi\/en\/wp-json\/wp\/v2\/pages\/12715\/revisions"}],"predecessor-version":[{"id":13200,"href":"https:\/\/fincap.fi\/en\/wp-json\/wp\/v2\/pages\/12715\/revisions\/13200"}],"wp:attachment":[{"href":"https:\/\/fincap.fi\/en\/wp-json\/wp\/v2\/media?parent=12715"}],"curies":[{"name":"wp","href":"https:\/\/api.w.org\/{rel}","templated":true}]}}